{"id":6617,"date":"2022-07-25T21:08:50","date_gmt":"2022-07-25T21:08:50","guid":{"rendered":"https:\/\/habeco.gifts\/?page_id=6617"},"modified":"2022-07-25T21:11:32","modified_gmt":"2022-07-25T21:11:32","slug":"gostujoce-objave","status":"publish","type":"page","link":"https:\/\/habeco.gifts\/sl\/gostujoce-objave\/","title":{"rendered":"Gostujo\u010de objave"},"content":{"rendered":"\n<h2 class=\"wp-block-heading\">\u017delite objaviti va\u0161 \u010dlanek na habeco.gifts?<\/h2>\n\n\n\n<p>Vedno smo veseli gostujo\u010dih avtorjev, ki prispevajo visokokakovostne gostujo\u010de objave na portalu Habeco Gifts.<\/p>\n\n\n\n<figure class=\"wp-block-image aligncenter size-full\"><img decoding=\"async\" width=\"800\" height=\"600\" src=\"https:\/\/habeco.gifts\/wp-content\/uploads\/2022\/07\/httpshabeco-gifts-gostujoce-objave.jpg\" alt=\"Habeco.gifts gostujo\u010de objave\" class=\"wp-image-6620\" srcset=\"https:\/\/habeco.gifts\/wp-content\/uploads\/2022\/07\/httpshabeco-gifts-gostujoce-objave.jpg 800w, https:\/\/habeco.gifts\/wp-content\/uploads\/2022\/07\/httpshabeco-gifts-gostujoce-objave-300x225.jpg 300w, https:\/\/habeco.gifts\/wp-content\/uploads\/2022\/07\/httpshabeco-gifts-gostujoce-objave-768x576.jpg 768w\" sizes=\"(max-width: 800px) 100vw, 800px\" \/><\/figure>\n\n\n\n<p>Ker \u017eelimo obdr\u017eati zelo kakovostno raven svojega portala, vam dajemo smernice, ki jih je treba upo\u0161tevati, \u010de \u017eelite pisati za nas:<\/p>\n\n\n\n<ul class=\"wp-block-list\"><li>Objavljamo samo izvirne \u010dlanke, ki \u0161e niso bili objavljeni nikjer, vklju\u010dno z va\u0161o spletno stranjo. Pristnost preverjamo z aplikacijo <a href=\"https:\/\/www.copyscape.com\/\" target=\"_blank\" rel=\"noopener\">Copyscape<\/a>.<\/li><li>Preden nam po\u0161ljete \u010dlanek, nam posredujte svoje zamisli o vsebini.<\/li><li>Vsebina \u010dlanka mora biti visoke kakovosti brez pravopisnih ali slovni\u010dnih napak.<\/li><li>Sprejemamo samo <strong>besedila na temo daril<\/strong>. Priporo\u010dena dol\u017eina \u010dlanka je od 1200 do 2500 besed.<\/li><li>Uporabite jasen tok besedila in zanimivo vsebino za bralca. Za strukturo pisanja uporabite naslove, podnaslove in o\u0161tevil\u010dene ali ozna\u010dene sezname. Uporabite kratke odstavke, ne ve\u010d kot 3-5 stavkov na odstavek.<\/li><li>Vklju\u010dite znana dejstva, objavljene raziskave, vire ali osebne izku\u0161nje. Po potrebi uporabite notranje povezave do objavljenih \u010dlankov na habeco.gifts.<\/li><li>Va\u0161a objava mora biti izvirna, zanimiva za bralce in druga\u010dna od besedil, ki so \u017ee objavljeni na habeco.gifts.<\/li><li>Slike in videoposnetki so pomemben del vsakega \u010dlanka, zato tudi mi spodbujamo avtorje, da jih uporabijo. Morajo pa slike ali videoposnetki biti visoke kakovosti in zanje morate imeti dovoljenje za objavo. Ne pozabite navesti svojega vira slike ali videoposnetka.<\/li><\/ul>\n\n\n\n<h2 class=\"wp-block-heading\">Pogoji objave:<\/h2>\n\n\n\n<p>Pridr\u017eujemo si pravico do urejanja vsebine, ki jo po\u0161ljete, vendar bo to zgolj storjeno za odpravo napak ali izbolj\u0161anje berljivosti vsebine.<\/p>\n\n\n\n<p>Pridr\u017eujemo si pravico, da zavrnemo vsebine, za katere menimo, da niso primerne za portal habeco.gifts.<\/p>\n\n\n\n<p>Z oddajo \u010dlanka se strinjate, da ga uporabljamo na svojem spletnem mestu habeco.gifts (z morebitnimi spremembami, ki se nam zdijo primerne) in da ne boste zahtevali kakr\u0161nega koli pla\u010dila ali kr\u0161itve avtorskih pravic zdaj ali v prihodnje.<\/p>\n\n\n\n<p>Ko je \u010dlanek objavljen na na\u0161i spletni strani habeco.gifts, je v na\u0161i lasti in vam ga ni dovoljeno ponovno objaviti brez na\u0161ega predhodnega pisnega dovoljenja.<\/p>\n\n\n\n<h2 class=\"wp-block-heading\">Sponzorirane objave in druge mo\u017enosti ogla\u0161evanja<\/h2>\n\n\n\n<p>Habeco Gifts je ni\u0161na stran o darilih, ima dobre SEO rezultate in je zaradi tega zelo primerna in zanimiva kot povezava na va\u0161o spletno stran.<\/p>\n\n\n\n<p>\u010ce \u017eelite ogla\u0161evati na na\u0161em spletnem portalu z objavo oglasne pasice, sponzoriranega \u010dlanka ali kakr\u0161nega koli drugega sodelovanja z vsebino, nas prosim <a href=\"https:\/\/habeco.gifts\/sl\/kontakt\/\">kontaktirajte<\/a>.<\/p>\n","protected":false},"excerpt":{"rendered":"<p>\u017delite objaviti va\u0161 \u010dlanek na habeco.gifts? Vedno smo veseli gostujo\u010dih avtorjev, ki prispevajo visokokakovostne gostujo\u010de objave na portalu Habeco Gifts. Ker \u017eelimo obdr\u017eati zelo kakovostno raven svojega portala, vam dajemo smernice, ki jih je treba upo\u0161tevati, \u010de \u017eelite pisati za nas: Objavljamo samo izvirne \u010dlanke, ki \u0161e niso bili objavljeni nikjer, vklju\u010dno z va\u0161o spletno [&hellip;]<\/p>\n","protected":false},"author":4,"featured_media":6620,"parent":0,"menu_order":0,"comment_status":"closed","ping_status":"closed","template":"","meta":{"_uag_custom_page_level_css":"","site-sidebar-layout":"default","site-content-layout":"","ast-site-content-layout":"default","site-content-style":"default","site-sidebar-style":"default","ast-global-header-display":"","ast-banner-title-visibility":"","ast-main-header-display":"","ast-hfb-above-header-display":"","ast-hfb-below-header-display":"","ast-hfb-mobile-header-display":"","site-post-title":"","ast-breadcrumbs-content":"","ast-featured-img":"","footer-sml-layout":"","theme-transparent-header-meta":"","adv-header-id-meta":"","stick-header-meta":"","header-above-stick-meta":"","header-main-stick-meta":"","header-below-stick-meta":"","astra-migrate-meta-layouts":"default","ast-page-background-enabled":"default","ast-page-background-meta":{"desktop":{"background-color":"","background-image":"","background-repeat":"repeat","background-position":"center center","background-size":"auto","background-attachment":"scroll","background-type":"","background-media":"","overlay-type":"","overlay-color":"","overlay-opacity":"","overlay-gradient":""},"tablet":{"background-color":"","background-image":"","background-repeat":"repeat","background-position":"center center","background-size":"auto","background-attachment":"scroll","background-type":"","background-media":"","overlay-type":"","overlay-color":"","overlay-opacity":"","overlay-gradient":""},"mobile":{"background-color":"","background-image":"","background-repeat":"repeat","background-position":"center center","background-size":"auto","background-attachment":"scroll","background-type":"","background-media":"","overlay-type":"","overlay-color":"","overlay-opacity":"","overlay-gradient":""}},"ast-content-background-meta":{"desktop":{"background-color":"var(--ast-global-color-5)","background-image":"","background-repeat":"repeat","background-position":"center center","background-size":"auto","background-attachment":"scroll","background-type":"","background-media":"","overlay-type":"","overlay-color":"","overlay-opacity":"","overlay-gradient":""},"tablet":{"background-color":"var(--ast-global-color-5)","background-image":"","background-repeat":"repeat","background-position":"center center","background-size":"auto","background-attachment":"scroll","background-type":"","background-media":"","overlay-type":"","overlay-color":"","overlay-opacity":"","overlay-gradient":""},"mobile":{"background-color":"var(--ast-global-color-5)","background-image":"","background-repeat":"repeat","background-position":"center center","background-size":"auto","background-attachment":"scroll","background-type":"","background-media":"","overlay-type":"","overlay-color":"","overlay-opacity":"","overlay-gradient":""}},"footnotes":""},"class_list":["post-6617","page","type-page","status-publish","has-post-thumbnail","hentry"],"uagb_featured_image_src":{"full":["https:\/\/habeco.gifts\/wp-content\/uploads\/2022\/07\/httpshabeco-gifts-gostujoce-objave.jpg",800,600,false],"thumbnail":["https:\/\/habeco.gifts\/wp-content\/uploads\/2022\/07\/httpshabeco-gifts-gostujoce-objave-150x150.jpg",150,150,true],"medium":["https:\/\/habeco.gifts\/wp-content\/uploads\/2022\/07\/httpshabeco-gifts-gostujoce-objave-300x225.jpg",300,225,true],"medium_large":["https:\/\/habeco.gifts\/wp-content\/uploads\/2022\/07\/httpshabeco-gifts-gostujoce-objave-768x576.jpg",768,576,true],"large":["https:\/\/habeco.gifts\/wp-content\/uploads\/2022\/07\/httpshabeco-gifts-gostujoce-objave.jpg",800,600,false],"1536x1536":["https:\/\/habeco.gifts\/wp-content\/uploads\/2022\/07\/httpshabeco-gifts-gostujoce-objave.jpg",800,600,false],"2048x2048":["https:\/\/habeco.gifts\/wp-content\/uploads\/2022\/07\/httpshabeco-gifts-gostujoce-objave.jpg",800,600,false],"ultp_layout_landscape_large":["https:\/\/habeco.gifts\/wp-content\/uploads\/2022\/07\/httpshabeco-gifts-gostujoce-objave.jpg",800,600,false],"ultp_layout_landscape":["https:\/\/habeco.gifts\/wp-content\/uploads\/2022\/07\/httpshabeco-gifts-gostujoce-objave-800x570.jpg",800,570,true],"ultp_layout_portrait":["https:\/\/habeco.gifts\/wp-content\/uploads\/2022\/07\/httpshabeco-gifts-gostujoce-objave-600x600.jpg",600,600,true],"ultp_layout_square":["https:\/\/habeco.gifts\/wp-content\/uploads\/2022\/07\/httpshabeco-gifts-gostujoce-objave-600x600.jpg",600,600,true],"rpwe-thumbnail":["https:\/\/habeco.gifts\/wp-content\/uploads\/2022\/07\/httpshabeco-gifts-gostujoce-objave-45x45.jpg",45,45,true],"crp_thumbnail":["https:\/\/habeco.gifts\/wp-content\/uploads\/2022\/07\/httpshabeco-gifts-gostujoce-objave-280x160.jpg",280,160,true]},"uagb_author_info":{"display_name":"Urednik","author_link":"https:\/\/habeco.gifts\/sl\/author\/urednik\/"},"uagb_comment_info":0,"uagb_excerpt":"\u017delite objaviti va\u0161 \u010dlanek na habeco.gifts? Vedno smo veseli gostujo\u010dih avtorjev, ki prispevajo visokokakovostne gostujo\u010de objave na portalu Habeco Gifts. Ker \u017eelimo obdr\u017eati zelo kakovostno raven svojega portala, vam dajemo smernice, ki jih je treba upo\u0161tevati, \u010de \u017eelite pisati za nas: Objavljamo samo izvirne \u010dlanke, ki \u0161e niso bili objavljeni nikjer, vklju\u010dno z va\u0161o spletno&hellip;","_links":{"self":[{"href":"https:\/\/habeco.gifts\/sl\/wp-json\/wp\/v2\/pages\/6617","targetHints":{"allow":["GET"]}}],"collection":[{"href":"https:\/\/habeco.gifts\/sl\/wp-json\/wp\/v2\/pages"}],"about":[{"href":"https:\/\/habeco.gifts\/sl\/wp-json\/wp\/v2\/types\/page"}],"author":[{"embeddable":true,"href":"https:\/\/habeco.gifts\/sl\/wp-json\/wp\/v2\/users\/4"}],"replies":[{"embeddable":true,"href":"https:\/\/habeco.gifts\/sl\/wp-json\/wp\/v2\/comments?post=6617"}],"version-history":[{"count":2,"href":"https:\/\/habeco.gifts\/sl\/wp-json\/wp\/v2\/pages\/6617\/revisions"}],"predecessor-version":[{"id":6625,"href":"https:\/\/habeco.gifts\/sl\/wp-json\/wp\/v2\/pages\/6617\/revisions\/6625"}],"wp:featuredmedia":[{"embeddable":true,"href":"https:\/\/habeco.gifts\/sl\/wp-json\/wp\/v2\/media\/6620"}],"wp:attachment":[{"href":"https:\/\/habeco.gifts\/sl\/wp-json\/wp\/v2\/media?parent=6617"}],"curies":[{"name":"wp","href":"https:\/\/api.w.org\/{rel}","templated":true}]}}