{"id":6640,"date":"2022-07-25T21:20:51","date_gmt":"2022-07-25T21:20:51","guid":{"rendered":"https:\/\/habeco.gifts\/?page_id=6640"},"modified":"2022-07-25T21:20:52","modified_gmt":"2022-07-25T21:20:52","slug":"post-degli-ospiti","status":"publish","type":"page","link":"https:\/\/habeco.gifts\/it\/post-degli-ospiti\/","title":{"rendered":"Post degli ospiti"},"content":{"rendered":"\n<h2 class=\"wp-block-heading\">Vuoi pubblicare il tuo articolo su habeco.gifts?<\/h2>\n\n\n\n<p>Siamo sempre felici di avere autori ospiti che contribuiscano con articoli di alta qualit\u00e0 su Habeco Gifts.<\/p>\n\n\n\n<figure class=\"wp-block-image aligncenter size-full\"><img decoding=\"async\" width=\"800\" height=\"600\" src=\"https:\/\/habeco.gifts\/wp-content\/uploads\/2022\/07\/httpshabeco-gifts-post-degli-ospiti.jpg\" alt=\"Habeco.gifts post degli ospiti\" class=\"wp-image-6641\" srcset=\"https:\/\/habeco.gifts\/wp-content\/uploads\/2022\/07\/httpshabeco-gifts-post-degli-ospiti.jpg 800w, https:\/\/habeco.gifts\/wp-content\/uploads\/2022\/07\/httpshabeco-gifts-post-degli-ospiti-300x225.jpg 300w, https:\/\/habeco.gifts\/wp-content\/uploads\/2022\/07\/httpshabeco-gifts-post-degli-ospiti-768x576.jpg 768w\" sizes=\"(max-width: 800px) 100vw, 800px\" \/><\/figure>\n\n\n\n<p>Poich\u00e9 vogliamo mantenere alto il livello di qualit\u00e0 del nostro portale, ti diamo delle linee guida da seguire se vuoi scrivere per noi:&nbsp;<\/p>\n\n\n\n<ul class=\"wp-block-list\"><li>Pubblichiamo solo articoli originali che non sono mai stati pubblicati prima, incluso il tuo sito web. Verifichiamo l&#8217;autenticit\u00e0 con <a href=\"https:\/\/www.copyscape.com\/\" target=\"_blank\" rel=\"noopener\">Copyscape<\/a>.<\/li><li>Prima di inviarci un articolo, ti preghiamo di fornirci le tue idee di contenuto.<\/li><li>Il contenuto dell&#8217;articolo deve essere di alta qualit\u00e0, senza errori ortografici o grammaticali.<\/li><li>Accettiamo <strong>solo testi sul tema dei regali<\/strong>. La lunghezza consigliata dell&#8217;articolo va dalle 1200 alle 2500 parole.<\/li><li>Utilizza un testo chiaro e un contenuto interessante per il lettore. Usa titoli, sottotitoli ed elenchi numerati o puntati per strutturare la tua scrittura. Usa paragrafi brevi, non pi\u00f9 di 3-5 frasi per paragrafo.<\/li><li>Includi fatti noti, ricerche pubblicate, fonti o esperienze personali. Se necessario, utilizza i link interni agli articoli pubblicati su habeco.gifts.<\/li><li>Il tuo post deve essere originale, interessante per i lettori e diverso dai testi gi\u00e0 pubblicati su habeco.gifts.<\/li><li>Le immagini e i video sono una parte importante di qualsiasi articolo, pertanto incoraggiamo gli autori a utilizzarli. Tuttavia, le immagini o i video devono essere di alta qualit\u00e0 e devi avere il permesso di pubblicarli. Non dimenticare di citare la fonte dell&#8217;immagine o del video.<\/li><\/ul>\n\n\n\n<h2 class=\"wp-block-heading\">Termini di pubblicazione:<\/h2>\n\n\n\n<p>Ci riserviamo il diritto di modificare i contenuti inviati, ma solo per correggere gli errori o migliorare la leggibilit\u00e0 dei contenuti.<\/p>\n\n\n\n<p>Ci riserviamo il diritto di rifiutare i contenuti che riteniamo inappropriati per il portale habeco.gifts.<\/p>\n\n\n\n<p>Inviando un articolo, accetti che venga utilizzato sul nostro sito habeco.gifts (con le modifiche che riterremo opportune) e che non venga richiesto alcun pagamento o violazione del copyright, n\u00e9 ora n\u00e9 in futuro.<\/p>\n\n\n\n<p>Una volta pubblicato sul nostro sito habeco.gifts, l&#8217;articolo \u00e8 di nostra propriet\u00e0 e non potrai ripubblicarlo senza il nostro preventivo consenso scritto.<\/p>\n\n\n\n<h2 class=\"wp-block-heading\">Post sponsorizzati e altre opportunit\u00e0 pubblicitarie<\/h2>\n\n\n\n<p>Habeco Gifts \u00e8 un sito di nicchia, ha buoni risultati SEO ed \u00e8 quindi molto adatto e interessante come link per il tuo sito web.<\/p>\n\n\n\n<p>Se desideri pubblicizzare il nostro portale pubblicando un banner, un articolo sponsorizzato o qualsiasi altro contenuto, <a href=\"https:\/\/habeco.gifts\/it\/contatto\/\"><strong>contattaci<\/strong><\/a>.<\/p>\n","protected":false},"excerpt":{"rendered":"<p>Vuoi pubblicare il tuo articolo su habeco.gifts? Siamo sempre felici di avere autori ospiti che contribuiscano con articoli di alta qualit\u00e0 su Habeco Gifts. Poich\u00e9 vogliamo mantenere alto il livello di qualit\u00e0 del nostro portale, ti diamo delle linee guida da seguire se vuoi scrivere per noi:&nbsp; Pubblichiamo solo articoli originali che non sono mai [&hellip;]<\/p>\n","protected":false},"author":4,"featured_media":6641,"parent":0,"menu_order":0,"comment_status":"closed","ping_status":"closed","template":"","meta":{"_uag_custom_page_level_css":"","site-sidebar-layout":"default","site-content-layout":"","ast-site-content-layout":"default","site-content-style":"default","site-sidebar-style":"default","ast-global-header-display":"","ast-banner-title-visibility":"","ast-main-header-display":"","ast-hfb-above-header-display":"","ast-hfb-below-header-display":"","ast-hfb-mobile-header-display":"","site-post-title":"","ast-breadcrumbs-content":"","ast-featured-img":"","footer-sml-layout":"","theme-transparent-header-meta":"","adv-header-id-meta":"","stick-header-meta":"","header-above-stick-meta":"","header-main-stick-meta":"","header-below-stick-meta":"","astra-migrate-meta-layouts":"default","ast-page-background-enabled":"default","ast-page-background-meta":{"desktop":{"background-color":"","background-image":"","background-repeat":"repeat","background-position":"center center","background-size":"auto","background-attachment":"scroll","background-type":"","background-media":"","overlay-type":"","overlay-color":"","overlay-opacity":"","overlay-gradient":""},"tablet":{"background-color":"","background-image":"","background-repeat":"repeat","background-position":"center center","background-size":"auto","background-attachment":"scroll","background-type":"","background-media":"","overlay-type":"","overlay-color":"","overlay-opacity":"","overlay-gradient":""},"mobile":{"background-color":"","background-image":"","background-repeat":"repeat","background-position":"center center","background-size":"auto","background-attachment":"scroll","background-type":"","background-media":"","overlay-type":"","overlay-color":"","overlay-opacity":"","overlay-gradient":""}},"ast-content-background-meta":{"desktop":{"background-color":"var(--ast-global-color-5)","background-image":"","background-repeat":"repeat","background-position":"center center","background-size":"auto","background-attachment":"scroll","background-type":"","background-media":"","overlay-type":"","overlay-color":"","overlay-opacity":"","overlay-gradient":""},"tablet":{"background-color":"var(--ast-global-color-5)","background-image":"","background-repeat":"repeat","background-position":"center center","background-size":"auto","background-attachment":"scroll","background-type":"","background-media":"","overlay-type":"","overlay-color":"","overlay-opacity":"","overlay-gradient":""},"mobile":{"background-color":"var(--ast-global-color-5)","background-image":"","background-repeat":"repeat","background-position":"center center","background-size":"auto","background-attachment":"scroll","background-type":"","background-media":"","overlay-type":"","overlay-color":"","overlay-opacity":"","overlay-gradient":""}},"footnotes":""},"class_list":["post-6640","page","type-page","status-publish","has-post-thumbnail","hentry"],"uagb_featured_image_src":{"full":["https:\/\/habeco.gifts\/wp-content\/uploads\/2022\/07\/httpshabeco-gifts-post-degli-ospiti.jpg",800,600,false],"thumbnail":["https:\/\/habeco.gifts\/wp-content\/uploads\/2022\/07\/httpshabeco-gifts-post-degli-ospiti-150x150.jpg",150,150,true],"medium":["https:\/\/habeco.gifts\/wp-content\/uploads\/2022\/07\/httpshabeco-gifts-post-degli-ospiti-300x225.jpg",300,225,true],"medium_large":["https:\/\/habeco.gifts\/wp-content\/uploads\/2022\/07\/httpshabeco-gifts-post-degli-ospiti-768x576.jpg",768,576,true],"large":["https:\/\/habeco.gifts\/wp-content\/uploads\/2022\/07\/httpshabeco-gifts-post-degli-ospiti.jpg",800,600,false],"1536x1536":["https:\/\/habeco.gifts\/wp-content\/uploads\/2022\/07\/httpshabeco-gifts-post-degli-ospiti.jpg",800,600,false],"2048x2048":["https:\/\/habeco.gifts\/wp-content\/uploads\/2022\/07\/httpshabeco-gifts-post-degli-ospiti.jpg",800,600,false],"ultp_layout_landscape_large":["https:\/\/habeco.gifts\/wp-content\/uploads\/2022\/07\/httpshabeco-gifts-post-degli-ospiti.jpg",800,600,false],"ultp_layout_landscape":["https:\/\/habeco.gifts\/wp-content\/uploads\/2022\/07\/httpshabeco-gifts-post-degli-ospiti-800x570.jpg",800,570,true],"ultp_layout_portrait":["https:\/\/habeco.gifts\/wp-content\/uploads\/2022\/07\/httpshabeco-gifts-post-degli-ospiti-600x600.jpg",600,600,true],"ultp_layout_square":["https:\/\/habeco.gifts\/wp-content\/uploads\/2022\/07\/httpshabeco-gifts-post-degli-ospiti-600x600.jpg",600,600,true],"rpwe-thumbnail":["https:\/\/habeco.gifts\/wp-content\/uploads\/2022\/07\/httpshabeco-gifts-post-degli-ospiti-45x45.jpg",45,45,true],"crp_thumbnail":["https:\/\/habeco.gifts\/wp-content\/uploads\/2022\/07\/httpshabeco-gifts-post-degli-ospiti-280x160.jpg",280,160,true]},"uagb_author_info":{"display_name":"Urednik","author_link":"https:\/\/habeco.gifts\/it\/author\/urednik\/"},"uagb_comment_info":0,"uagb_excerpt":"Vuoi pubblicare il tuo articolo su habeco.gifts? Siamo sempre felici di avere autori ospiti che contribuiscano con articoli di alta qualit\u00e0 su Habeco Gifts. Poich\u00e9 vogliamo mantenere alto il livello di qualit\u00e0 del nostro portale, ti diamo delle linee guida da seguire se vuoi scrivere per noi:&nbsp; Pubblichiamo solo articoli originali che non sono mai&hellip;","_links":{"self":[{"href":"https:\/\/habeco.gifts\/it\/wp-json\/wp\/v2\/pages\/6640","targetHints":{"allow":["GET"]}}],"collection":[{"href":"https:\/\/habeco.gifts\/it\/wp-json\/wp\/v2\/pages"}],"about":[{"href":"https:\/\/habeco.gifts\/it\/wp-json\/wp\/v2\/types\/page"}],"author":[{"embeddable":true,"href":"https:\/\/habeco.gifts\/it\/wp-json\/wp\/v2\/users\/4"}],"replies":[{"embeddable":true,"href":"https:\/\/habeco.gifts\/it\/wp-json\/wp\/v2\/comments?post=6640"}],"version-history":[{"count":1,"href":"https:\/\/habeco.gifts\/it\/wp-json\/wp\/v2\/pages\/6640\/revisions"}],"predecessor-version":[{"id":6646,"href":"https:\/\/habeco.gifts\/it\/wp-json\/wp\/v2\/pages\/6640\/revisions\/6646"}],"wp:featuredmedia":[{"embeddable":true,"href":"https:\/\/habeco.gifts\/it\/wp-json\/wp\/v2\/media\/6641"}],"wp:attachment":[{"href":"https:\/\/habeco.gifts\/it\/wp-json\/wp\/v2\/media?parent=6640"}],"curies":[{"name":"wp","href":"https:\/\/api.w.org\/{rel}","templated":true}]}}