{"id":6626,"date":"2022-07-25T21:14:54","date_gmt":"2022-07-25T21:14:54","guid":{"rendered":"https:\/\/habeco.gifts\/?page_id=6626"},"modified":"2022-07-25T21:14:55","modified_gmt":"2022-07-25T21:14:55","slug":"articles-dinvites","status":"publish","type":"page","link":"https:\/\/habeco.gifts\/fr\/articles-dinvites\/","title":{"rendered":"Articles d&rsquo;invit\u00e9s"},"content":{"rendered":"\n<h2 class=\"wp-block-heading\">Vous souhaitez publier votre article sur habeco.gifts ?<\/h2>\n\n\n\n<p>Nous sommes toujours heureux d&rsquo;accueillir des r\u00e9dacteurs invit\u00e9s\/ guest authors qui contribuent \u00e0 des articles de haute qualit\u00e9 sur Habeco Gifts.<\/p>\n\n\n\n<figure class=\"wp-block-image aligncenter size-full\"><img decoding=\"async\" width=\"800\" height=\"600\" src=\"https:\/\/habeco.gifts\/wp-content\/uploads\/2022\/07\/httpshabeco-gifts-articles-d-invites.jpg\" alt=\"Habeco.gifts articles d'invit\u00e9s\" class=\"wp-image-6627\" srcset=\"https:\/\/habeco.gifts\/wp-content\/uploads\/2022\/07\/httpshabeco-gifts-articles-d-invites.jpg 800w, https:\/\/habeco.gifts\/wp-content\/uploads\/2022\/07\/httpshabeco-gifts-articles-d-invites-300x225.jpg 300w, https:\/\/habeco.gifts\/wp-content\/uploads\/2022\/07\/httpshabeco-gifts-articles-d-invites-768x576.jpg 768w\" sizes=\"(max-width: 800px) 100vw, 800px\" \/><\/figure>\n\n\n\n<p>Comme nous voulons maintenir le haut niveau de qualit\u00e9 de notre portail, nous vous fournissons les instructions \u00e0 suivre si vous souhaitez \u00e9crire pour nous :<\/p>\n\n\n\n<ul class=\"wp-block-list\"><li>Nous ne publions que des articles originaux qui n&rsquo;ont \u00e9t\u00e9 publi\u00e9s auparavant nulle part, y compris sur votre site web. Nous v\u00e9rifions l&rsquo;authenticit\u00e9 avec <a href=\"https:\/\/www.copyscape.com\/\" target=\"_blank\" rel=\"noopener\">Copyscape<\/a>.<\/li><li>Avant de nous envoyer un article, veuillez nous fournir vos id\u00e9es de contenu.<\/li><li>Nous n&rsquo;acceptons que les <strong>textes ayant pour th\u00e8me les cadeaux<\/strong>. La longueur recommand\u00e9e de l&rsquo;article est de 1200 \u00e0 2500 mots.<\/li><li>Utilisez un flux de texte clair et un contenu int\u00e9ressant pour le lecteur. Utilisez des titres, des sous-titres et des listes num\u00e9rot\u00e9es ou \u00e0 puces pour structurer vos \u00e9crits. Utilisez des paragraphes courts, pas plus de 3 \u00e0 5 phrases par paragraphe.<\/li><li>Incluez des faits connus, des recherches publi\u00e9es, des sources ou des exp\u00e9riences personnelles. Si n\u00e9cessaire, utilisez des liens internes vers les articles publi\u00e9s sur habeco.gifts.<\/li><li>Votre post doit \u00eatre original, int\u00e9ressant pour les lecteurs et diff\u00e9rent des textes d\u00e9j\u00e0 publi\u00e9s sur habeco.gifts.<\/li><li>Les images et les vid\u00e9os constituent une partie importante de tout article, c&rsquo;est pourquoi nous encourageons \u00e9galement les auteurs \u00e0 les utiliser. Toutefois, les images ou les vid\u00e9os doivent \u00eatre de haute qualit\u00e9 et vous devez avoir l&rsquo;autorisation de les publier. N&rsquo;oubliez pas de cr\u00e9diter la source de votre image ou de votre vid\u00e9o.<\/li><\/ul>\n\n\n\n<h2 class=\"wp-block-heading\">Conditions de publication :<\/h2>\n\n\n\n<p>Nous nous r\u00e9servons le droit de modifier le contenu que vous soumettez, mais cela ne sera fait que pour corriger des erreurs ou am\u00e9liorer la lisibilit\u00e9 du contenu.<\/p>\n\n\n\n<p>Nous nous r\u00e9servons le droit de rejeter tout contenu que nous jugeons inappropri\u00e9 pour le portail habeco.gifts.<\/p>\n\n\n\n<p>En soumettant un article, vous acceptez que nous l&rsquo;utiliserons sur notre site habeco.gifts (avec les modifications que nous jugeons n\u00e9cessaires) et ne pas r\u00e9clamer aucun paiement ou violation de droits d&rsquo;auteur, maintenant ou \u00e0 l&rsquo;avenir.<\/p>\n\n\n\n<p>Une fois qu&rsquo;un article est publi\u00e9 sur notre site habeco.gifts, il est notre propri\u00e9t\u00e9 et vous ne pouvez pas le republier sans notre autorisation \u00e9crite pr\u00e9alable.<\/p>\n\n\n\n<h2 class=\"wp-block-heading\">Posts sponsoris\u00e9s et autres publicit\u00e9s<\/h2>\n\n\n\n<p>Opportunities Habeco Gifts est un site de niche consacr\u00e9 aux cadeaux, qui a de bons r\u00e9sultats en mati\u00e8re de SEO et qui est donc tr\u00e8s appropri\u00e9 et int\u00e9ressant comme lien vers votre site web.Si vous souhaitez faire de la publicit\u00e9 sur notre portail web en affichant une banni\u00e8re publicitaire, un article sponsoris\u00e9 ou toute autre collaboration de contenu, veuillez <a href=\"https:\/\/habeco.gifts\/fr\/contacter\/\">nous contacter<\/a>.<\/p>\n","protected":false},"excerpt":{"rendered":"<p>Vous souhaitez publier votre article sur habeco.gifts ? Nous sommes toujours heureux d&rsquo;accueillir des r\u00e9dacteurs invit\u00e9s\/ guest authors qui contribuent \u00e0 des articles de haute qualit\u00e9 sur Habeco Gifts. Comme nous voulons maintenir le haut niveau de qualit\u00e9 de notre portail, nous vous fournissons les instructions \u00e0 suivre si vous souhaitez \u00e9crire pour nous : [&hellip;]<\/p>\n","protected":false},"author":4,"featured_media":6627,"parent":0,"menu_order":0,"comment_status":"closed","ping_status":"closed","template":"","meta":{"_uag_custom_page_level_css":"","site-sidebar-layout":"default","site-content-layout":"","ast-site-content-layout":"default","site-content-style":"default","site-sidebar-style":"default","ast-global-header-display":"","ast-banner-title-visibility":"","ast-main-header-display":"","ast-hfb-above-header-display":"","ast-hfb-below-header-display":"","ast-hfb-mobile-header-display":"","site-post-title":"","ast-breadcrumbs-content":"","ast-featured-img":"","footer-sml-layout":"","theme-transparent-header-meta":"","adv-header-id-meta":"","stick-header-meta":"","header-above-stick-meta":"","header-main-stick-meta":"","header-below-stick-meta":"","astra-migrate-meta-layouts":"default","ast-page-background-enabled":"default","ast-page-background-meta":{"desktop":{"background-color":"","background-image":"","background-repeat":"repeat","background-position":"center center","background-size":"auto","background-attachment":"scroll","background-type":"","background-media":"","overlay-type":"","overlay-color":"","overlay-opacity":"","overlay-gradient":""},"tablet":{"background-color":"","background-image":"","background-repeat":"repeat","background-position":"center center","background-size":"auto","background-attachment":"scroll","background-type":"","background-media":"","overlay-type":"","overlay-color":"","overlay-opacity":"","overlay-gradient":""},"mobile":{"background-color":"","background-image":"","background-repeat":"repeat","background-position":"center center","background-size":"auto","background-attachment":"scroll","background-type":"","background-media":"","overlay-type":"","overlay-color":"","overlay-opacity":"","overlay-gradient":""}},"ast-content-background-meta":{"desktop":{"background-color":"var(--ast-global-color-5)","background-image":"","background-repeat":"repeat","background-position":"center center","background-size":"auto","background-attachment":"scroll","background-type":"","background-media":"","overlay-type":"","overlay-color":"","overlay-opacity":"","overlay-gradient":""},"tablet":{"background-color":"var(--ast-global-color-5)","background-image":"","background-repeat":"repeat","background-position":"center center","background-size":"auto","background-attachment":"scroll","background-type":"","background-media":"","overlay-type":"","overlay-color":"","overlay-opacity":"","overlay-gradient":""},"mobile":{"background-color":"var(--ast-global-color-5)","background-image":"","background-repeat":"repeat","background-position":"center center","background-size":"auto","background-attachment":"scroll","background-type":"","background-media":"","overlay-type":"","overlay-color":"","overlay-opacity":"","overlay-gradient":""}},"footnotes":""},"class_list":["post-6626","page","type-page","status-publish","has-post-thumbnail","hentry"],"uagb_featured_image_src":{"full":["https:\/\/habeco.gifts\/wp-content\/uploads\/2022\/07\/httpshabeco-gifts-articles-d-invites.jpg",800,600,false],"thumbnail":["https:\/\/habeco.gifts\/wp-content\/uploads\/2022\/07\/httpshabeco-gifts-articles-d-invites-150x150.jpg",150,150,true],"medium":["https:\/\/habeco.gifts\/wp-content\/uploads\/2022\/07\/httpshabeco-gifts-articles-d-invites-300x225.jpg",300,225,true],"medium_large":["https:\/\/habeco.gifts\/wp-content\/uploads\/2022\/07\/httpshabeco-gifts-articles-d-invites-768x576.jpg",768,576,true],"large":["https:\/\/habeco.gifts\/wp-content\/uploads\/2022\/07\/httpshabeco-gifts-articles-d-invites.jpg",800,600,false],"1536x1536":["https:\/\/habeco.gifts\/wp-content\/uploads\/2022\/07\/httpshabeco-gifts-articles-d-invites.jpg",800,600,false],"2048x2048":["https:\/\/habeco.gifts\/wp-content\/uploads\/2022\/07\/httpshabeco-gifts-articles-d-invites.jpg",800,600,false],"ultp_layout_landscape_large":["https:\/\/habeco.gifts\/wp-content\/uploads\/2022\/07\/httpshabeco-gifts-articles-d-invites.jpg",800,600,false],"ultp_layout_landscape":["https:\/\/habeco.gifts\/wp-content\/uploads\/2022\/07\/httpshabeco-gifts-articles-d-invites-800x570.jpg",800,570,true],"ultp_layout_portrait":["https:\/\/habeco.gifts\/wp-content\/uploads\/2022\/07\/httpshabeco-gifts-articles-d-invites-600x600.jpg",600,600,true],"ultp_layout_square":["https:\/\/habeco.gifts\/wp-content\/uploads\/2022\/07\/httpshabeco-gifts-articles-d-invites-600x600.jpg",600,600,true],"rpwe-thumbnail":["https:\/\/habeco.gifts\/wp-content\/uploads\/2022\/07\/httpshabeco-gifts-articles-d-invites-45x45.jpg",45,45,true],"crp_thumbnail":["https:\/\/habeco.gifts\/wp-content\/uploads\/2022\/07\/httpshabeco-gifts-articles-d-invites-280x160.jpg",280,160,true]},"uagb_author_info":{"display_name":"Urednik","author_link":"https:\/\/habeco.gifts\/fr\/author\/urednik\/"},"uagb_comment_info":0,"uagb_excerpt":"Vous souhaitez publier votre article sur habeco.gifts ? Nous sommes toujours heureux d&rsquo;accueillir des r\u00e9dacteurs invit\u00e9s\/ guest authors qui contribuent \u00e0 des articles de haute qualit\u00e9 sur Habeco Gifts. Comme nous voulons maintenir le haut niveau de qualit\u00e9 de notre portail, nous vous fournissons les instructions \u00e0 suivre si vous souhaitez \u00e9crire pour nous :\u2026","_links":{"self":[{"href":"https:\/\/habeco.gifts\/fr\/wp-json\/wp\/v2\/pages\/6626","targetHints":{"allow":["GET"]}}],"collection":[{"href":"https:\/\/habeco.gifts\/fr\/wp-json\/wp\/v2\/pages"}],"about":[{"href":"https:\/\/habeco.gifts\/fr\/wp-json\/wp\/v2\/types\/page"}],"author":[{"embeddable":true,"href":"https:\/\/habeco.gifts\/fr\/wp-json\/wp\/v2\/users\/4"}],"replies":[{"embeddable":true,"href":"https:\/\/habeco.gifts\/fr\/wp-json\/wp\/v2\/comments?post=6626"}],"version-history":[{"count":1,"href":"https:\/\/habeco.gifts\/fr\/wp-json\/wp\/v2\/pages\/6626\/revisions"}],"predecessor-version":[{"id":6632,"href":"https:\/\/habeco.gifts\/fr\/wp-json\/wp\/v2\/pages\/6626\/revisions\/6632"}],"wp:featuredmedia":[{"embeddable":true,"href":"https:\/\/habeco.gifts\/fr\/wp-json\/wp\/v2\/media\/6627"}],"wp:attachment":[{"href":"https:\/\/habeco.gifts\/fr\/wp-json\/wp\/v2\/media?parent=6626"}],"curies":[{"name":"wp","href":"https:\/\/api.w.org\/{rel}","templated":true}]}}