{"id":6633,"date":"2022-07-25T21:17:55","date_gmt":"2022-07-25T21:17:55","guid":{"rendered":"https:\/\/habeco.gifts\/?page_id=6633"},"modified":"2022-07-25T21:17:55","modified_gmt":"2022-07-25T21:17:55","slug":"gastbeitraege","status":"publish","type":"page","link":"https:\/\/habeco.gifts\/de\/gastbeitraege\/","title":{"rendered":"Gastbeitr\u00e4ge"},"content":{"rendered":"\n<h2 class=\"wp-block-heading\">Sie m\u00f6chten Ihren Beitrag auf habeco.gifts ver\u00f6ffentlichen?<\/h2>\n\n\n\n<p>Wir freuen uns immer \u00fcber Gastautoren, die hochwertige Gastbeitr\u00e4ge zu Habeco Gifts beitragen.<\/p>\n\n\n\n<figure class=\"wp-block-image aligncenter size-full\"><img decoding=\"async\" width=\"800\" height=\"600\" src=\"https:\/\/habeco.gifts\/wp-content\/uploads\/2022\/07\/httpshabeco-gifts-gastbeitrage.jpg\" alt=\"Habeco.gifts gastbeitr\u00e4ge\" class=\"wp-image-6634\" srcset=\"https:\/\/habeco.gifts\/wp-content\/uploads\/2022\/07\/httpshabeco-gifts-gastbeitrage.jpg 800w, https:\/\/habeco.gifts\/wp-content\/uploads\/2022\/07\/httpshabeco-gifts-gastbeitrage-300x225.jpg 300w, https:\/\/habeco.gifts\/wp-content\/uploads\/2022\/07\/httpshabeco-gifts-gastbeitrage-768x576.jpg 768w\" sizes=\"(max-width: 800px) 100vw, 800px\" \/><\/figure>\n\n\n\n<p>Da wir die hohe Qualit\u00e4t unseres Portals aufrechterhalten wollen, geben wir Ihnen einige Richtlinien, die Sie beachten sollten, wenn Sie f\u00fcr uns schreiben wollen:<\/p>\n\n\n\n<ul class=\"wp-block-list\"><li>Wir ver\u00f6ffentlichen nur Originalbeitr\u00e4ge, die nirgendwo anders ver\u00f6ffentlicht wurden, auch nicht auf Ihrer eigenen Website. Wir pr\u00fcfen die Authentizit\u00e4t mit <a href=\"https:\/\/www.copyscape.com\/\" target=\"_blank\" rel=\"noopener\">Copyscape<\/a>.<\/li><li>Bevor Sie uns einen Beitrag schicken, teilen Sie uns bitte Ihre Ideen f\u00fcr den Inhalt mit.<\/li><li>Der Inhalt des Beitrags muss von hoher Qualit\u00e4t sein und darf keine Rechtschreib- oder Grammatikfehler enthalten.<\/li><li>Wir akzeptieren nur <strong>Texte zum Thema Geschenke<\/strong>. Die empfohlene L\u00e4nge eines Beitrags liegt zwischen 1200 und 2500 W\u00f6rtern.<\/li><li>Verwenden Sie einen klaren Textfluss und interessante Inhalte f\u00fcr den Leser. Verwenden Sie \u00dcberschriften, Zwischen\u00fcberschriften und nummerierte oder aufz\u00e4hlende Listen, um Ihren Text zu strukturieren. Verwenden Sie kurze Abs\u00e4tze, nicht mehr als 3-5 S\u00e4tze pro Absatz.<\/li><li>Geben Sie bekannte Fakten, ver\u00f6ffentlichte Forschungsergebnisse, Quellen oder pers\u00f6nliche Erfahrungen an. Verwenden Sie gegebenenfalls interne Links zu ver\u00f6ffentlichten Beitr\u00e4gen auf habeco.gifts.<\/li><li>Ihr Beitrag muss originell und f\u00fcr die Leser interessant sein und sich von den bereits auf habeco.gifts ver\u00f6ffentlichten Texten unterscheiden.<\/li><li>Bilder und Videos sind ein wichtiger Bestandteil von jedem Beitrag, und wir ermutigen die Autoren, sie zu verwenden. Allerdings m\u00fcssen die Bilder oder Videos von hoher Qualit\u00e4t sein und Sie m\u00fcssen die Erlaubnis haben, sie zu ver\u00f6ffentlichen. Vergessen Sie nicht, die Quelle Ihres Bildes oder Videos zu nennen.<\/li><\/ul>\n\n\n\n<h2 class=\"wp-block-heading\">Bedingungen der Ver\u00f6ffentlichung:<\/h2>\n\n\n\n<p>Wir behalten uns das Recht vor, die von Ihnen eingesandten Inhalte zu bearbeiten, aber dies geschieht nur, um Fehler zu korrigieren oder die Lesbarkeit des Inhalts zu verbessern.<\/p>\n\n\n\n<p>Wir behalten uns das Recht vor, Inhalte abzulehnen, die wir als unpassend f\u00fcr habeco.gifts empfinden.<\/p>\n\n\n\n<p>Indem Sie einen Beitrag einsenden, erkl\u00e4ren Sie sich damit einverstanden, dass wir diesen auf unserer Website habeco.gifts verwenden (mit allen \u00c4nderungen, die wir f\u00fcr passend halten), und dass Sie weder jetzt noch in Zukunft eine Zahlung oder eine Verletzung des Urheberrechts fordern werden.<\/p>\n\n\n\n<p>Sobald ein Beitrag auf unserer Website habeco.gifts ver\u00f6ffentlicht wird, ist er unser Eigentum und Sie d\u00fcrfen ihn nicht ohne unsere vorherige schriftliche Genehmigung weiterver\u00f6ffentlichen.<\/p>\n\n\n\n<h2 class=\"wp-block-heading\">Gesponserte Beitr\u00e4ge und andere Werbem\u00f6glichkeiten<\/h2>\n\n\n\n<p>Habeco Gifts ist eine Nischenseite \u00fcber Geschenke, hat gute SEO-Ergebnisse und ist daher sehr geeignet und interessant als Link zu Ihrer Website.<\/p>\n\n\n\n<p>Wenn Sie auf unserer Website mit einem Werbebanner, einem gesponserten Beitrag oder einer anderen inhaltlichen Zusammenarbeit werben m\u00f6chten, <a href=\"https:\/\/habeco.gifts\/de\/kontakt\/\">kontaktieren<\/a> Sie uns bitte.<\/p>\n","protected":false},"excerpt":{"rendered":"<p>Sie m\u00f6chten Ihren Beitrag auf habeco.gifts ver\u00f6ffentlichen? Wir freuen uns immer \u00fcber Gastautoren, die hochwertige Gastbeitr\u00e4ge zu Habeco Gifts beitragen. Da wir die hohe Qualit\u00e4t unseres Portals aufrechterhalten wollen, geben wir Ihnen einige Richtlinien, die Sie beachten sollten, wenn Sie f\u00fcr uns schreiben wollen: Wir ver\u00f6ffentlichen nur Originalbeitr\u00e4ge, die nirgendwo anders ver\u00f6ffentlicht wurden, auch nicht [&hellip;]<\/p>\n","protected":false},"author":4,"featured_media":6634,"parent":0,"menu_order":0,"comment_status":"closed","ping_status":"closed","template":"","meta":{"_uag_custom_page_level_css":"","site-sidebar-layout":"default","site-content-layout":"","ast-site-content-layout":"default","site-content-style":"default","site-sidebar-style":"default","ast-global-header-display":"","ast-banner-title-visibility":"","ast-main-header-display":"","ast-hfb-above-header-display":"","ast-hfb-below-header-display":"","ast-hfb-mobile-header-display":"","site-post-title":"","ast-breadcrumbs-content":"","ast-featured-img":"","footer-sml-layout":"","theme-transparent-header-meta":"","adv-header-id-meta":"","stick-header-meta":"","header-above-stick-meta":"","header-main-stick-meta":"","header-below-stick-meta":"","astra-migrate-meta-layouts":"default","ast-page-background-enabled":"default","ast-page-background-meta":{"desktop":{"background-color":"","background-image":"","background-repeat":"repeat","background-position":"center center","background-size":"auto","background-attachment":"scroll","background-type":"","background-media":"","overlay-type":"","overlay-color":"","overlay-opacity":"","overlay-gradient":""},"tablet":{"background-color":"","background-image":"","background-repeat":"repeat","background-position":"center center","background-size":"auto","background-attachment":"scroll","background-type":"","background-media":"","overlay-type":"","overlay-color":"","overlay-opacity":"","overlay-gradient":""},"mobile":{"background-color":"","background-image":"","background-repeat":"repeat","background-position":"center center","background-size":"auto","background-attachment":"scroll","background-type":"","background-media":"","overlay-type":"","overlay-color":"","overlay-opacity":"","overlay-gradient":""}},"ast-content-background-meta":{"desktop":{"background-color":"var(--ast-global-color-5)","background-image":"","background-repeat":"repeat","background-position":"center center","background-size":"auto","background-attachment":"scroll","background-type":"","background-media":"","overlay-type":"","overlay-color":"","overlay-opacity":"","overlay-gradient":""},"tablet":{"background-color":"var(--ast-global-color-5)","background-image":"","background-repeat":"repeat","background-position":"center center","background-size":"auto","background-attachment":"scroll","background-type":"","background-media":"","overlay-type":"","overlay-color":"","overlay-opacity":"","overlay-gradient":""},"mobile":{"background-color":"var(--ast-global-color-5)","background-image":"","background-repeat":"repeat","background-position":"center center","background-size":"auto","background-attachment":"scroll","background-type":"","background-media":"","overlay-type":"","overlay-color":"","overlay-opacity":"","overlay-gradient":""}},"footnotes":""},"class_list":["post-6633","page","type-page","status-publish","has-post-thumbnail","hentry"],"uagb_featured_image_src":{"full":["https:\/\/habeco.gifts\/wp-content\/uploads\/2022\/07\/httpshabeco-gifts-gastbeitrage.jpg",800,600,false],"thumbnail":["https:\/\/habeco.gifts\/wp-content\/uploads\/2022\/07\/httpshabeco-gifts-gastbeitrage-150x150.jpg",150,150,true],"medium":["https:\/\/habeco.gifts\/wp-content\/uploads\/2022\/07\/httpshabeco-gifts-gastbeitrage-300x225.jpg",300,225,true],"medium_large":["https:\/\/habeco.gifts\/wp-content\/uploads\/2022\/07\/httpshabeco-gifts-gastbeitrage-768x576.jpg",768,576,true],"large":["https:\/\/habeco.gifts\/wp-content\/uploads\/2022\/07\/httpshabeco-gifts-gastbeitrage.jpg",800,600,false],"1536x1536":["https:\/\/habeco.gifts\/wp-content\/uploads\/2022\/07\/httpshabeco-gifts-gastbeitrage.jpg",800,600,false],"2048x2048":["https:\/\/habeco.gifts\/wp-content\/uploads\/2022\/07\/httpshabeco-gifts-gastbeitrage.jpg",800,600,false],"ultp_layout_landscape_large":["https:\/\/habeco.gifts\/wp-content\/uploads\/2022\/07\/httpshabeco-gifts-gastbeitrage.jpg",800,600,false],"ultp_layout_landscape":["https:\/\/habeco.gifts\/wp-content\/uploads\/2022\/07\/httpshabeco-gifts-gastbeitrage-800x570.jpg",800,570,true],"ultp_layout_portrait":["https:\/\/habeco.gifts\/wp-content\/uploads\/2022\/07\/httpshabeco-gifts-gastbeitrage-600x600.jpg",600,600,true],"ultp_layout_square":["https:\/\/habeco.gifts\/wp-content\/uploads\/2022\/07\/httpshabeco-gifts-gastbeitrage-600x600.jpg",600,600,true],"rpwe-thumbnail":["https:\/\/habeco.gifts\/wp-content\/uploads\/2022\/07\/httpshabeco-gifts-gastbeitrage-45x45.jpg",45,45,true],"crp_thumbnail":["https:\/\/habeco.gifts\/wp-content\/uploads\/2022\/07\/httpshabeco-gifts-gastbeitrage-280x160.jpg",280,160,true]},"uagb_author_info":{"display_name":"Urednik","author_link":"https:\/\/habeco.gifts\/de\/author\/urednik\/"},"uagb_comment_info":0,"uagb_excerpt":"Sie m\u00f6chten Ihren Beitrag auf habeco.gifts ver\u00f6ffentlichen? Wir freuen uns immer \u00fcber Gastautoren, die hochwertige Gastbeitr\u00e4ge zu Habeco Gifts beitragen. Da wir die hohe Qualit\u00e4t unseres Portals aufrechterhalten wollen, geben wir Ihnen einige Richtlinien, die Sie beachten sollten, wenn Sie f\u00fcr uns schreiben wollen: Wir ver\u00f6ffentlichen nur Originalbeitr\u00e4ge, die nirgendwo anders ver\u00f6ffentlicht wurden, auch nicht&hellip;","_links":{"self":[{"href":"https:\/\/habeco.gifts\/de\/wp-json\/wp\/v2\/pages\/6633","targetHints":{"allow":["GET"]}}],"collection":[{"href":"https:\/\/habeco.gifts\/de\/wp-json\/wp\/v2\/pages"}],"about":[{"href":"https:\/\/habeco.gifts\/de\/wp-json\/wp\/v2\/types\/page"}],"author":[{"embeddable":true,"href":"https:\/\/habeco.gifts\/de\/wp-json\/wp\/v2\/users\/4"}],"replies":[{"embeddable":true,"href":"https:\/\/habeco.gifts\/de\/wp-json\/wp\/v2\/comments?post=6633"}],"version-history":[{"count":1,"href":"https:\/\/habeco.gifts\/de\/wp-json\/wp\/v2\/pages\/6633\/revisions"}],"predecessor-version":[{"id":6639,"href":"https:\/\/habeco.gifts\/de\/wp-json\/wp\/v2\/pages\/6633\/revisions\/6639"}],"wp:featuredmedia":[{"embeddable":true,"href":"https:\/\/habeco.gifts\/de\/wp-json\/wp\/v2\/media\/6634"}],"wp:attachment":[{"href":"https:\/\/habeco.gifts\/de\/wp-json\/wp\/v2\/media?parent=6633"}],"curies":[{"name":"wp","href":"https:\/\/api.w.org\/{rel}","templated":true}]}}